{"id":202,"date":"2022-09-06T12:56:25","date_gmt":"2022-09-06T15:56:25","guid":{"rendered":"http:\/\/e-kza.com.br\/?page_id=202"},"modified":"2023-01-13T14:03:55","modified_gmt":"2023-01-13T17:03:55","slug":"contato","status":"publish","type":"page","link":"https:\/\/e-kza.com.br\/?page_id=202","title":{"rendered":"Contato"},"content":{"rendered":"\t\t<div data-elementor-type=\"wp-page\" data-elementor-id=\"202\" class=\"elementor elementor-202\">\n\t\t\t\t\t\t<section class=\"elementor-section elementor-top-section elementor-element elementor-element-692ad9d elementor-section-boxed elementor-section-height-default elementor-section-height-default\" data-id=\"692ad9d\" data-element_type=\"section\">\n\t\t\t\t\t\t<div class=\"elementor-container elementor-column-gap-default\">\n\t\t\t\t\t<div class=\"elementor-column elementor-col-100 elementor-top-column elementor-element elementor-element-a836a59\" data-id=\"a836a59\" data-element_type=\"column\">\n\t\t\t<div class=\"elementor-widget-wrap elementor-element-populated\">\n\t\t\t\t\t\t<div class=\"elementor-element elementor-element-9db747b ekit-equal-height-disable elementor-widget elementor-widget-elementskit-icon-box\" data-id=\"9db747b\" data-element_type=\"widget\" data-widget_type=\"elementskit-icon-box.default\">\n\t\t\t\t\t<div class=\"ekit-wid-con\" >        <!-- link opening -->\n                <!-- end link opening -->\n\n        <div class=\"elementskit-infobox text-center text-center icon-top-align elementor-animation-pulse   \">\n                    <div class=\"elementskit-box-header elementor-animation-\">\n                <div class=\"elementskit-info-box-icon  \">\n                    <i aria-hidden=\"true\" class=\"elementkit-infobox-icon icon icon-review\"><\/i>\n                <\/div>\n          <\/div>\n                        <div class=\"box-body\">\n                            <span class=\"elementskit-info-box-title\">\n                    Como podemos te ajudar                 <\/span>\n                                            <\/div>\n        \n        \n                <\/div>\n        <\/div>\t\t\t\t<\/div>\n\t\t\t\t<section class=\"elementor-section elementor-inner-section elementor-element elementor-element-2aec6ac elementor-section-boxed elementor-section-height-default elementor-section-height-default\" data-id=\"2aec6ac\" data-element_type=\"section\" data-settings=\"{&quot;background_background&quot;:&quot;classic&quot;}\">\n\t\t\t\t\t\t\t<div class=\"elementor-background-overlay\"><\/div>\n\t\t\t\t\t\t\t<div class=\"elementor-container elementor-column-gap-default\">\n\t\t\t\t\t<div class=\"elementor-column elementor-col-100 elementor-inner-column elementor-element elementor-element-6d66f44\" data-id=\"6d66f44\" data-element_type=\"column\">\n\t\t\t<div class=\"elementor-widget-wrap elementor-element-populated\">\n\t\t\t\t\t\t<div class=\"elementor-element elementor-element-c8c25b2 elementor-widget elementor-widget-elementskit-team\" data-id=\"c8c25b2\" data-element_type=\"widget\" data-widget_type=\"elementskit-team.default\">\n\t\t\t\t<div class=\"elementor-widget-container\">\n\t\t\t\t\t<div class=\"ekit-wid-con\">\t\t\t\t\t\t\t\t\n\t\t<div class=\"profile-card elementor-animation- text-center ekit-team-style-default\">\n\t\t\t\t\t\t\t<a aria-label=\"profile\" href=\"javascript:void(0)\" data-mfp-src=\"#ekit_team_modal_c8c25b2_202\" class=\"ekit-team-popup\">\n\t\t\t\t\t\t\n\t\t\t\t<div class=\"profile-header ekit-team-img ekit-img-overlay ekit-team-img-block\"  data-toggle=\"modal\" data-target=\"ekit_team_modal_#c8c25b2_202\" >\n\t\t\t\t\t<img fetchpriority=\"high\" decoding=\"async\" width=\"386\" height=\"397\" src=\"https:\/\/e-kza.com.br\/wp-content\/uploads\/2022\/08\/logo-e-kza.png\" class=\"attachment-large size-large wp-image-238\" alt=\"\" \/>\t\t\t\t<\/div><!-- .profile-header END -->\n\t\t\t\t\t\t\t<\/a>\n\t\t\t\t\t\t\n\n\t\t\t\t<div class=\"profile-body\">\n\t\t\t\t\t\n\t\t\t\t\t<h2 class=\"profile-title\">\n\t\t\t\t\t\t\t\t\t\t\t<a aria-label=\"profile\" href=\"javascript:void(0)\" data-mfp-src=\"#ekit_team_modal_c8c25b2_202\" class=\"ekit-team-popup\">\n\t\t\t\t\t\tCreci SP 236892-F\t\t\t\t\t\t<\/a>\n\t\t\t\t\t\t\t\t\t\t\t<\/h2>\n\t\t\t\t\t<p class=\"profile-designation\">11 99641-7790<\/p>\n\t\t\t\t\t\t\t\t\t<\/div><!-- .profile-body END -->\n\n\t\t\t\t\t\t\t\t<\/div>\n\t\t\t\t\t\t\t\n\t\t\t\n\t\t\t\t\t<div class=\"zoom-anim-dialog mfp-hide elementskit-team-popup team-popup-id-c8c25b2\" id=\"ekit_team_modal_c8c25b2_202\" tabindex=\"-1\" role=\"dialog\" aria-hidden=\"true\">\n\t\t\t\t<div class=\"modal-dialog modal-dialog-centered\" role=\"document\">\n\t\t\t\t\t<div class=\"modal-content\">\n\t\t\t\t\t\t<button type=\"button\" class=\"ekit-team-modal-close\">\n\t\t\t\t\t\t\t<svg aria-hidden=\"true\" class=\"e-font-icon-svg e-fas-times\" viewBox=\"0 0 352 512\" xmlns=\"http:\/\/www.w3.org\/2000\/svg\"><path d=\"M242.72 256l100.07-100.07c12.28-12.28 12.28-32.19 0-44.48l-22.24-22.24c-12.28-12.28-32.19-12.28-44.48 0L176 189.28 75.93 89.21c-12.28-12.28-32.19-12.28-44.48 0L9.21 111.45c-12.28 12.28-12.28 32.19 0 44.48L109.28 256 9.21 356.07c-12.28 12.28-12.28 32.19 0 44.48l22.24 22.24c12.28 12.28 32.2 12.28 44.48 0L176 322.72l100.07 100.07c12.28 12.28 32.2 12.28 44.48 0l22.24-22.24c12.28-12.28 12.28-32.19 0-44.48L242.72 256z\"><\/path><\/svg>\t\t\t\t\t\t<\/button>\n\n\t\t\t\t\t\t<div class=\"modal-body\">\n\t\t\t\t\t\t\t\t\t\t\t\t\t\t\t<div class=\"ekit-team-modal-img\">\n\t\t\t\t\t\t\t\t\t<img fetchpriority=\"high\" decoding=\"async\" width=\"386\" height=\"397\" src=\"https:\/\/e-kza.com.br\/wp-content\/uploads\/2022\/08\/logo-e-kza.png\" class=\"attachment-large size-large wp-image-238\" alt=\"\" \/>\t\t\t\t\t\t\t\t<\/div>\n\t\t\t\t\t\t\t\n\t\t\t\t\t\t\t<div class=\"ekit-team-modal-info has-img\">\n\t\t\t\t\t\t\t\t<h2 class=\"ekit-team-modal-title\">Creci SP 236892-F<\/h2>\n\t\t\t\t\t\t\t\t<p class=\"ekit-team-modal-position\">11 99641-7790<\/p>\n\t\t\t\t\t\t\t\t\n\t\t\t\t\t\t\t\t<div class=\"ekit-team-modal-content\">\n\t\t\t\t\t\t\t\t\tOl\u00e1, no que posso te ajudar hoje ?\t\t\t\t\t\t\t\t<\/div>\n\n\t\t\t\t\t\t\t\t\t\t\t\t\t\t\t\t\t<ul class=\"ekit-team-modal-list\">\n\t\t\t\t\t\t\t\t\t\t\t\t\t\t\t\t\t\t\t\t\t<li><strong>Phone:<\/strong><a href=\"tel:11 99641-7790\">11 99641-7790<\/a><\/li>\n\t\t\t\t\t\t\t\t\t\t\n\t\t\t\t\t\t\t\t\t\t\t\t\t\t\t\t\t\t\t\t\t<li><strong>Email:<\/strong><a href=\"mailto:elis@e-kza.com.br\">elis@e-kza.com.br<\/a><\/li>\n\t\t\t\t\t\t\t\t\t\t\t\t\t\t\t\t\t\t\t<\/ul>\n\t\t\t\t\t\t\t\t\t\t\t\t\t\t\t\t\n\t\t\t\t\t\t\t\t\t\t\t\t\t\t\t<\/div>\n\t\t\t\t\t\t<\/div>\n\t\t\t\t\t<\/div>\n\t\t\t\t<\/div>\n\t\t\t<\/div>\n\t\t\t\t<\/div>\t\t\t\t<\/div>\n\t\t\t\t<\/div>\n\t\t\t\t\t<\/div>\n\t\t<\/div>\n\t\t\t\t\t<\/div>\n\t\t<\/section>\n\t\t\t\t\t<\/div>\n\t\t<\/div>\n\t\t\t\t\t<\/div>\n\t\t<\/section>\n\t\t\t\t<\/div>\n\t\t","protected":false},"excerpt":{"rendered":"<p>Como podemos te ajudar Creci SP 236892-F 11 99641-7790 Creci SP 236892-F 11 99641-7790 Ol\u00e1, no que posso te ajudar hoje ? Phone:11 99641-7790 Email:elis@e-kza.com.br<\/p>\n","protected":false},"author":1,"featured_media":0,"parent":0,"menu_order":0,"comment_status":"closed","ping_status":"closed","template":"","meta":{"footnotes":""},"class_list":["post-202","page","type-page","status-publish","hentry"],"yoast_head":"<!-- This site is optimized with the Yoast SEO plugin v26.4 - https:\/\/yoast.com\/wordpress\/plugins\/seo\/ -->\n<title>Contato - E-kza Im\u00f3veis - venda de casas e apartamentos<\/title>\n<meta name=\"robots\" content=\"index, follow, max-snippet:-1, max-image-preview:large, max-video-preview:-1\" \/>\n<link rel=\"canonical\" href=\"https:\/\/e-kza.com.br\/?page_id=202\" \/>\n<meta property=\"og:locale\" content=\"pt_BR\" \/>\n<meta property=\"og:type\" content=\"article\" \/>\n<meta property=\"og:title\" content=\"Contato - E-kza Im\u00f3veis - venda de casas e apartamentos\" \/>\n<meta property=\"og:description\" content=\"Como podemos te ajudar Creci SP 236892-F 11 99641-7790 Creci SP 236892-F 11 99641-7790 Ol\u00e1, no que posso te ajudar hoje ? Phone:11 99641-7790 Email:elis@e-kza.com.br\" \/>\n<meta property=\"og:url\" content=\"https:\/\/e-kza.com.br\/?page_id=202\" \/>\n<meta property=\"og:site_name\" content=\"E-kza Im\u00f3veis - venda de casas e apartamentos\" \/>\n<meta property=\"article:publisher\" content=\"https:\/\/www.facebook.com\/ekzaimoveis\" \/>\n<meta property=\"article:modified_time\" content=\"2023-01-13T17:03:55+00:00\" \/>\n<meta property=\"og:image\" content=\"http:\/\/e-kza.com.br\/wp-content\/uploads\/2022\/08\/logo-e-kza.png\" \/>\n<meta name=\"twitter:card\" content=\"summary_large_image\" \/>\n<script type=\"application\/ld+json\" class=\"yoast-schema-graph\">{\"@context\":\"https:\/\/schema.org\",\"@graph\":[{\"@type\":\"WebPage\",\"@id\":\"https:\/\/e-kza.com.br\/?page_id=202\",\"url\":\"https:\/\/e-kza.com.br\/?page_id=202\",\"name\":\"Contato - E-kza Im\u00f3veis - venda de casas e apartamentos\",\"isPartOf\":{\"@id\":\"https:\/\/e-kza.com.br\/#website\"},\"primaryImageOfPage\":{\"@id\":\"https:\/\/e-kza.com.br\/?page_id=202#primaryimage\"},\"image\":{\"@id\":\"https:\/\/e-kza.com.br\/?page_id=202#primaryimage\"},\"thumbnailUrl\":\"http:\/\/e-kza.com.br\/wp-content\/uploads\/2022\/08\/logo-e-kza.png\",\"datePublished\":\"2022-09-06T15:56:25+00:00\",\"dateModified\":\"2023-01-13T17:03:55+00:00\",\"breadcrumb\":{\"@id\":\"https:\/\/e-kza.com.br\/?page_id=202#breadcrumb\"},\"inLanguage\":\"pt-BR\",\"potentialAction\":[{\"@type\":\"ReadAction\",\"target\":[\"https:\/\/e-kza.com.br\/?page_id=202\"]}]},{\"@type\":\"ImageObject\",\"inLanguage\":\"pt-BR\",\"@id\":\"https:\/\/e-kza.com.br\/?page_id=202#primaryimage\",\"url\":\"https:\/\/e-kza.com.br\/wp-content\/uploads\/2022\/08\/logo-e-kza.png\",\"contentUrl\":\"https:\/\/e-kza.com.br\/wp-content\/uploads\/2022\/08\/logo-e-kza.png\",\"width\":386,\"height\":397,\"caption\":\"Venda de Apartamento em Moema\"},{\"@type\":\"BreadcrumbList\",\"@id\":\"https:\/\/e-kza.com.br\/?page_id=202#breadcrumb\",\"itemListElement\":[{\"@type\":\"ListItem\",\"position\":1,\"name\":\"In\u00edcio\",\"item\":\"https:\/\/e-kza.com.br\/\"},{\"@type\":\"ListItem\",\"position\":2,\"name\":\"Contato\"}]},{\"@type\":\"WebSite\",\"@id\":\"https:\/\/e-kza.com.br\/#website\",\"url\":\"https:\/\/e-kza.com.br\/\",\"name\":\"E-kza Im\u00f3veis\",\"description\":\"venda de casa na vila mariana , condom\u00ednios , apartamentos em Moema, ch\u00e1caras no interior\",\"publisher\":{\"@id\":\"https:\/\/e-kza.com.br\/#organization\"},\"potentialAction\":[{\"@type\":\"SearchAction\",\"target\":{\"@type\":\"EntryPoint\",\"urlTemplate\":\"https:\/\/e-kza.com.br\/?s={search_term_string}\"},\"query-input\":{\"@type\":\"PropertyValueSpecification\",\"valueRequired\":true,\"valueName\":\"search_term_string\"}}],\"inLanguage\":\"pt-BR\"},{\"@type\":\"Organization\",\"@id\":\"https:\/\/e-kza.com.br\/#organization\",\"name\":\"E-kza Im\u00f3veis - venda de casas e apartamentos\",\"url\":\"https:\/\/e-kza.com.br\/\",\"logo\":{\"@type\":\"ImageObject\",\"inLanguage\":\"pt-BR\",\"@id\":\"https:\/\/e-kza.com.br\/#\/schema\/logo\/image\/\",\"url\":\"https:\/\/e-kza.com.br\/wp-content\/uploads\/2022\/08\/logo-e-kza.png\",\"contentUrl\":\"https:\/\/e-kza.com.br\/wp-content\/uploads\/2022\/08\/logo-e-kza.png\",\"width\":386,\"height\":397,\"caption\":\"E-kza Im\u00f3veis - venda de casas e apartamentos\"},\"image\":{\"@id\":\"https:\/\/e-kza.com.br\/#\/schema\/logo\/image\/\"},\"sameAs\":[\"https:\/\/www.facebook.com\/ekzaimoveis\",\"https:\/\/www.instagram.com\/ekzaimoveis\"]}]}<\/script>\n<!-- \/ Yoast SEO plugin. -->","yoast_head_json":{"title":"Contato - E-kza Im\u00f3veis - venda de casas e apartamentos","robots":{"index":"index","follow":"follow","max-snippet":"max-snippet:-1","max-image-preview":"max-image-preview:large","max-video-preview":"max-video-preview:-1"},"canonical":"https:\/\/e-kza.com.br\/?page_id=202","og_locale":"pt_BR","og_type":"article","og_title":"Contato - E-kza Im\u00f3veis - venda de casas e apartamentos","og_description":"Como podemos te ajudar Creci SP 236892-F 11 99641-7790 Creci SP 236892-F 11 99641-7790 Ol\u00e1, no que posso te ajudar hoje ? Phone:11 99641-7790 Email:elis@e-kza.com.br","og_url":"https:\/\/e-kza.com.br\/?page_id=202","og_site_name":"E-kza Im\u00f3veis - venda de casas e apartamentos","article_publisher":"https:\/\/www.facebook.com\/ekzaimoveis","article_modified_time":"2023-01-13T17:03:55+00:00","og_image":[{"url":"http:\/\/e-kza.com.br\/wp-content\/uploads\/2022\/08\/logo-e-kza.png","type":"","width":"","height":""}],"twitter_card":"summary_large_image","schema":{"@context":"https:\/\/schema.org","@graph":[{"@type":"WebPage","@id":"https:\/\/e-kza.com.br\/?page_id=202","url":"https:\/\/e-kza.com.br\/?page_id=202","name":"Contato - E-kza Im\u00f3veis - venda de casas e apartamentos","isPartOf":{"@id":"https:\/\/e-kza.com.br\/#website"},"primaryImageOfPage":{"@id":"https:\/\/e-kza.com.br\/?page_id=202#primaryimage"},"image":{"@id":"https:\/\/e-kza.com.br\/?page_id=202#primaryimage"},"thumbnailUrl":"http:\/\/e-kza.com.br\/wp-content\/uploads\/2022\/08\/logo-e-kza.png","datePublished":"2022-09-06T15:56:25+00:00","dateModified":"2023-01-13T17:03:55+00:00","breadcrumb":{"@id":"https:\/\/e-kza.com.br\/?page_id=202#breadcrumb"},"inLanguage":"pt-BR","potentialAction":[{"@type":"ReadAction","target":["https:\/\/e-kza.com.br\/?page_id=202"]}]},{"@type":"ImageObject","inLanguage":"pt-BR","@id":"https:\/\/e-kza.com.br\/?page_id=202#primaryimage","url":"https:\/\/e-kza.com.br\/wp-content\/uploads\/2022\/08\/logo-e-kza.png","contentUrl":"https:\/\/e-kza.com.br\/wp-content\/uploads\/2022\/08\/logo-e-kza.png","width":386,"height":397,"caption":"Venda de Apartamento em Moema"},{"@type":"BreadcrumbList","@id":"https:\/\/e-kza.com.br\/?page_id=202#breadcrumb","itemListElement":[{"@type":"ListItem","position":1,"name":"In\u00edcio","item":"https:\/\/e-kza.com.br\/"},{"@type":"ListItem","position":2,"name":"Contato"}]},{"@type":"WebSite","@id":"https:\/\/e-kza.com.br\/#website","url":"https:\/\/e-kza.com.br\/","name":"E-kza Im\u00f3veis","description":"venda de casa na vila mariana , condom\u00ednios , apartamentos em Moema, ch\u00e1caras no interior","publisher":{"@id":"https:\/\/e-kza.com.br\/#organization"},"potentialAction":[{"@type":"SearchAction","target":{"@type":"EntryPoint","urlTemplate":"https:\/\/e-kza.com.br\/?s={search_term_string}"},"query-input":{"@type":"PropertyValueSpecification","valueRequired":true,"valueName":"search_term_string"}}],"inLanguage":"pt-BR"},{"@type":"Organization","@id":"https:\/\/e-kza.com.br\/#organization","name":"E-kza Im\u00f3veis - venda de casas e apartamentos","url":"https:\/\/e-kza.com.br\/","logo":{"@type":"ImageObject","inLanguage":"pt-BR","@id":"https:\/\/e-kza.com.br\/#\/schema\/logo\/image\/","url":"https:\/\/e-kza.com.br\/wp-content\/uploads\/2022\/08\/logo-e-kza.png","contentUrl":"https:\/\/e-kza.com.br\/wp-content\/uploads\/2022\/08\/logo-e-kza.png","width":386,"height":397,"caption":"E-kza Im\u00f3veis - venda de casas e apartamentos"},"image":{"@id":"https:\/\/e-kza.com.br\/#\/schema\/logo\/image\/"},"sameAs":["https:\/\/www.facebook.com\/ekzaimoveis","https:\/\/www.instagram.com\/ekzaimoveis"]}]}},"_links":{"self":[{"href":"https:\/\/e-kza.com.br\/index.php?rest_route=\/wp\/v2\/pages\/202","targetHints":{"allow":["GET"]}}],"collection":[{"href":"https:\/\/e-kza.com.br\/index.php?rest_route=\/wp\/v2\/pages"}],"about":[{"href":"https:\/\/e-kza.com.br\/index.php?rest_route=\/wp\/v2\/types\/page"}],"author":[{"embeddable":true,"href":"https:\/\/e-kza.com.br\/index.php?rest_route=\/wp\/v2\/users\/1"}],"replies":[{"embeddable":true,"href":"https:\/\/e-kza.com.br\/index.php?rest_route=%2Fwp%2Fv2%2Fcomments&post=202"}],"version-history":[{"count":40,"href":"https:\/\/e-kza.com.br\/index.php?rest_route=\/wp\/v2\/pages\/202\/revisions"}],"predecessor-version":[{"id":759,"href":"https:\/\/e-kza.com.br\/index.php?rest_route=\/wp\/v2\/pages\/202\/revisions\/759"}],"wp:attachment":[{"href":"https:\/\/e-kza.com.br\/index.php?rest_route=%2Fwp%2Fv2%2Fmedia&parent=202"}],"curies":[{"name":"wp","href":"https:\/\/api.w.org\/{rel}","templated":true}]}}